{"id":3947,"date":"2023-04-18T20:13:13","date_gmt":"2023-04-18T23:13:13","guid":{"rendered":"https:\/\/viacolorinterface.viacolor.com.br\/?page_id=3947"},"modified":"2023-11-13T15:59:47","modified_gmt":"2023-11-13T18:59:47","slug":"sobre","status":"publish","type":"page","link":"https:\/\/viacolorinterface.viacolor.com.br\/index.php\/sobre\/","title":{"rendered":"Sobre"},"content":{"rendered":"\t\t<div data-elementor-type=\"wp-page\" data-elementor-id=\"3947\" class=\"elementor elementor-3947\" data-elementor-post-type=\"page\">\n\t\t\t\t\t\t\t\t\t<section class=\"elementor-section elementor-top-section elementor-element elementor-element-6478211c elementor-section-full_width elementor-section-stretched elementor-section-height-default elementor-section-height-default\" data-id=\"6478211c\" data-element_type=\"section\" data-settings=\"{&quot;stretch_section&quot;:&quot;section-stretched&quot;,&quot;background_background&quot;:&quot;classic&quot;,&quot;_ha_eqh_enable&quot;:false}\">\n\t\t\t\t\t\t\t<div class=\"elementor-background-overlay\"><\/div>\n\t\t\t\t\t\t\t<div class=\"elementor-container elementor-column-gap-default\">\n\t\t\t\t\t<div class=\"elementor-column elementor-col-100 elementor-top-column elementor-element elementor-element-2c532a90\" data-id=\"2c532a90\" data-element_type=\"column\" data-settings=\"{&quot;background_background&quot;:&quot;classic&quot;}\">\n\t\t\t<div class=\"elementor-widget-wrap elementor-element-populated\">\n\t\t\t\t\t\t\t\t<div class=\"elementor-element elementor-element-3da5e41 elementor-widget elementor-widget-heading\" data-id=\"3da5e41\" data-element_type=\"widget\" data-widget_type=\"heading.default\">\n\t\t\t\t<div class=\"elementor-widget-container\">\n\t\t\t<h1 class=\"elementor-heading-title elementor-size-default\">A Viacolor<\/h1>\t\t<\/div>\n\t\t\t\t<\/div>\n\t\t\t\t\t<\/div>\n\t\t<\/div>\n\t\t\t\t\t\t\t<\/div>\n\t\t<\/section>\n\t\t\t\t<section class=\"elementor-section elementor-top-section elementor-element elementor-element-3dd7d534 elementor-section-boxed elementor-section-height-default elementor-section-height-default\" data-id=\"3dd7d534\" data-element_type=\"section\" data-settings=\"{&quot;_ha_eqh_enable&quot;:false}\">\n\t\t\t\t\t\t<div class=\"elementor-container elementor-column-gap-default\">\n\t\t\t\t\t<div class=\"elementor-column elementor-col-50 elementor-top-column elementor-element elementor-element-652de00\" data-id=\"652de00\" data-element_type=\"column\">\n\t\t\t<div class=\"elementor-widget-wrap elementor-element-populated\">\n\t\t\t\t\t\t\t\t<div class=\"elementor-element elementor-element-17d629ae elementor-widget elementor-widget-heading\" data-id=\"17d629ae\" data-element_type=\"widget\" data-widget_type=\"heading.default\">\n\t\t\t\t<div class=\"elementor-widget-container\">\n\t\t\t<h2 class=\"elementor-heading-title elementor-size-default\">Prazer! Somos a VIACOLOR<\/h2>\t\t<\/div>\n\t\t\t\t<\/div>\n\t\t\t\t<div class=\"elementor-element elementor-element-fa9669b elementor-widget elementor-widget-text-editor\" data-id=\"fa9669b\" data-element_type=\"widget\" data-widget_type=\"text-editor.default\">\n\t\t\t\t<div class=\"elementor-widget-container\">\n\t\t\t\t\t\t\t<p><i><span style=\"font-weight: 400;\">&#8220;N\u00e3o \u00e9 sobre a fotografia, mas sobre aquele momento que ela eterniza. \u00c9 sobre mem\u00f3ria, lembran\u00e7as e o valor que elas t\u00eam. \u00c9, sobretudo, PRESERVAR as mem\u00f3rias e lembran\u00e7as de momentos eternizados em um registro para poder reviv\u00ea-los no futuro ao olhar para elas.&#8221;<\/span><\/i><\/p><p><span style=\"font-weight: 400;\">Fundada em 1997 na cidade de PORTO ALEGRE-RS, sempre tivemos como principal objetivo atender cada vez melhor os seus clientes e parceiros, preocupando-se muito com o bom atendimento e a qualidade dos nossos servi\u00e7os. Somos gratos por toda a evolu\u00e7\u00e3o, crescimento e respeito obtidos nestes \u00faltimos anos por meio de muito trabalho e dedica\u00e7\u00e3o!<\/span><i><\/i><\/p>\t\t\t\t\t\t<\/div>\n\t\t\t\t<\/div>\n\t\t\t\t\t<\/div>\n\t\t<\/div>\n\t\t\t\t<div class=\"elementor-column elementor-col-50 elementor-top-column elementor-element elementor-element-28308626\" data-id=\"28308626\" data-element_type=\"column\">\n\t\t\t<div class=\"elementor-widget-wrap elementor-element-populated\">\n\t\t\t\t\t\t\t\t<div class=\"elementor-element elementor-element-7d53f67a elementor-widget elementor-widget-image\" data-id=\"7d53f67a\" data-element_type=\"widget\" data-widget_type=\"image.default\">\n\t\t\t\t<div class=\"elementor-widget-container\">\n\t\t\t\t\t\t\t\t\t\t\t\t\t\t\t<img loading=\"lazy\" decoding=\"async\" width=\"515\" height=\"773\" src=\"https:\/\/viacolorinterface.viacolor.com.br\/wp-content\/uploads\/2023\/11\/LUCIANOSOUZA.jpg\" class=\"attachment-large size-large wp-image-4810\" alt=\"\" srcset=\"https:\/\/viacolorinterface.viacolor.com.br\/wp-content\/uploads\/2023\/11\/LUCIANOSOUZA.jpg 515w, https:\/\/viacolorinterface.viacolor.com.br\/wp-content\/uploads\/2023\/11\/LUCIANOSOUZA-200x300.jpg 200w\" sizes=\"auto, (max-width: 515px) 100vw, 515px\" \/>\t\t\t\t\t\t\t\t\t\t\t\t\t\t\t<\/div>\n\t\t\t\t<\/div>\n\t\t\t\t<div class=\"elementor-element elementor-element-78880673 elementor-widget elementor-widget-heading\" data-id=\"78880673\" data-element_type=\"widget\" data-widget_type=\"heading.default\">\n\t\t\t\t<div class=\"elementor-widget-container\">\n\t\t\t<h2 class=\"elementor-heading-title elementor-size-default\">Luciano<\/h2>\t\t<\/div>\n\t\t\t\t<\/div>\n\t\t\t\t\t<\/div>\n\t\t<\/div>\n\t\t\t\t\t\t\t<\/div>\n\t\t<\/section>\n\t\t\t\t<section class=\"elementor-section elementor-top-section elementor-element elementor-element-0d89d82 elementor-section-boxed elementor-section-height-default elementor-section-height-default\" data-id=\"0d89d82\" data-element_type=\"section\" data-settings=\"{&quot;_ha_eqh_enable&quot;:false}\">\n\t\t\t\t\t\t<div class=\"elementor-container elementor-column-gap-default\">\n\t\t\t\t\t<div class=\"elementor-column elementor-col-50 elementor-top-column elementor-element elementor-element-c68c944\" data-id=\"c68c944\" data-element_type=\"column\">\n\t\t\t<div class=\"elementor-widget-wrap elementor-element-populated\">\n\t\t\t\t\t\t\t\t<div class=\"elementor-element elementor-element-d5f1827 elementor-widget elementor-widget-heading\" data-id=\"d5f1827\" data-element_type=\"widget\" data-widget_type=\"heading.default\">\n\t\t\t\t<div class=\"elementor-widget-container\">\n\t\t\t<h3 class=\"elementor-heading-title elementor-size-default\">Carro 100% El\u00e9trico<\/h3>\t\t<\/div>\n\t\t\t\t<\/div>\n\t\t\t\t<div class=\"elementor-element elementor-element-e1d48a3 elementor-widget elementor-widget-image\" data-id=\"e1d48a3\" data-element_type=\"widget\" data-widget_type=\"image.default\">\n\t\t\t\t<div class=\"elementor-widget-container\">\n\t\t\t\t\t\t\t\t\t\t\t\t\t\t\t<img loading=\"lazy\" decoding=\"async\" width=\"1024\" height=\"679\" src=\"https:\/\/viacolorinterface.viacolor.com.br\/wp-content\/uploads\/2023\/11\/WhatsApp-Image-2023-11-06-at-10.41.08-1024x679.jpeg\" class=\"attachment-large size-large wp-image-4680\" alt=\"\" srcset=\"https:\/\/viacolorinterface.viacolor.com.br\/wp-content\/uploads\/2023\/11\/WhatsApp-Image-2023-11-06-at-10.41.08-1024x679.jpeg 1024w, https:\/\/viacolorinterface.viacolor.com.br\/wp-content\/uploads\/2023\/11\/WhatsApp-Image-2023-11-06-at-10.41.08-600x398.jpeg 600w, https:\/\/viacolorinterface.viacolor.com.br\/wp-content\/uploads\/2023\/11\/WhatsApp-Image-2023-11-06-at-10.41.08-300x199.jpeg 300w, https:\/\/viacolorinterface.viacolor.com.br\/wp-content\/uploads\/2023\/11\/WhatsApp-Image-2023-11-06-at-10.41.08-768x509.jpeg 768w, https:\/\/viacolorinterface.viacolor.com.br\/wp-content\/uploads\/2023\/11\/WhatsApp-Image-2023-11-06-at-10.41.08.jpeg 1494w\" sizes=\"auto, (max-width: 1024px) 100vw, 1024px\" \/>\t\t\t\t\t\t\t\t\t\t\t\t\t\t\t<\/div>\n\t\t\t\t<\/div>\n\t\t\t\t<div class=\"elementor-element elementor-element-101ec8e elementor-widget elementor-widget-text-editor\" data-id=\"101ec8e\" data-element_type=\"widget\" data-widget_type=\"text-editor.default\">\n\t\t\t\t<div class=\"elementor-widget-container\">\n\t\t\t\t\t\t\t<p><span style=\"font-weight: 400;\">Rodando quase 300km por dia!<\/span><\/p>\t\t\t\t\t\t<\/div>\n\t\t\t\t<\/div>\n\t\t\t\t<div class=\"elementor-element elementor-element-95c96f6 elementor-widget elementor-widget-heading\" data-id=\"95c96f6\" data-element_type=\"widget\" data-widget_type=\"heading.default\">\n\t\t\t\t<div class=\"elementor-widget-container\">\n\t\t\t<h3 class=\"elementor-heading-title elementor-size-default\">Energia SOLAR<\/h3>\t\t<\/div>\n\t\t\t\t<\/div>\n\t\t\t\t<div class=\"elementor-element elementor-element-d92baa1 elementor-widget elementor-widget-image\" data-id=\"d92baa1\" data-element_type=\"widget\" data-widget_type=\"image.default\">\n\t\t\t\t<div class=\"elementor-widget-container\">\n\t\t\t\t\t\t\t\t\t\t\t\t\t\t\t<img loading=\"lazy\" decoding=\"async\" width=\"1024\" height=\"589\" src=\"https:\/\/viacolorinterface.viacolor.com.br\/wp-content\/uploads\/2023\/11\/WhatsApp-Image-2023-11-06-at-10.41.09-1024x589.jpeg\" class=\"attachment-large size-large wp-image-4682\" alt=\"\" srcset=\"https:\/\/viacolorinterface.viacolor.com.br\/wp-content\/uploads\/2023\/11\/WhatsApp-Image-2023-11-06-at-10.41.09-1024x589.jpeg 1024w, https:\/\/viacolorinterface.viacolor.com.br\/wp-content\/uploads\/2023\/11\/WhatsApp-Image-2023-11-06-at-10.41.09-600x345.jpeg 600w, https:\/\/viacolorinterface.viacolor.com.br\/wp-content\/uploads\/2023\/11\/WhatsApp-Image-2023-11-06-at-10.41.09-300x172.jpeg 300w, https:\/\/viacolorinterface.viacolor.com.br\/wp-content\/uploads\/2023\/11\/WhatsApp-Image-2023-11-06-at-10.41.09-768x441.jpeg 768w, https:\/\/viacolorinterface.viacolor.com.br\/wp-content\/uploads\/2023\/11\/WhatsApp-Image-2023-11-06-at-10.41.09.jpeg 1256w\" sizes=\"auto, (max-width: 1024px) 100vw, 1024px\" \/>\t\t\t\t\t\t\t\t\t\t\t\t\t\t\t<\/div>\n\t\t\t\t<\/div>\n\t\t\t\t<div class=\"elementor-element elementor-element-7834310 elementor-widget elementor-widget-text-editor\" data-id=\"7834310\" data-element_type=\"widget\" data-widget_type=\"text-editor.default\">\n\t\t\t\t<div class=\"elementor-widget-container\">\n\t\t\t\t\t\t\t<p><span style=\"font-weight: 400;\">Onde geramos praticamente 100% da energia que a Viacolor necessita.<\/span><\/p>\t\t\t\t\t\t<\/div>\n\t\t\t\t<\/div>\n\t\t\t\t\t<\/div>\n\t\t<\/div>\n\t\t\t\t<div class=\"elementor-column elementor-col-50 elementor-top-column elementor-element elementor-element-6a68aa1\" data-id=\"6a68aa1\" data-element_type=\"column\">\n\t\t\t<div class=\"elementor-widget-wrap elementor-element-populated\">\n\t\t\t\t\t\t\t\t<div class=\"elementor-element elementor-element-d99a0f7 elementor-widget elementor-widget-heading\" data-id=\"d99a0f7\" data-element_type=\"widget\" data-widget_type=\"heading.default\">\n\t\t\t\t<div class=\"elementor-widget-container\">\n\t\t\t<h2 class=\"elementor-heading-title elementor-size-default\">Meio Ambiente & Sustentabilidade<\/h2>\t\t<\/div>\n\t\t\t\t<\/div>\n\t\t\t\t<div class=\"elementor-element elementor-element-3d821f1 elementor-widget elementor-widget-text-editor\" data-id=\"3d821f1\" data-element_type=\"widget\" data-widget_type=\"text-editor.default\">\n\t\t\t\t<div class=\"elementor-widget-container\">\n\t\t\t\t\t\t\t<p><span style=\"font-weight: 400;\">Quando o assunto \u00e9 sustentabilidade, a Viacolor sempre buscou ter a\u00e7\u00f5es concretas para reduzir seu impacto no meio ambiente. Em sua sede, inaugurada em 2021, h\u00e1 um sistema para coleta de \u00e1gua da chuva com capacidade para 40 mil litros de \u00e1gua captada. Outro desejo antigo dos fundadores, que se tornou realidade com a nova sede, foi a instala\u00e7\u00e3o de energia solar, onde praticamente hoje \u00e9 gerado 100% da energia que a Viacolor necessita. E n\u00e3o para por a\u00ed, j\u00e1 algum tempo o ve\u00edculo que a Viacolor utiliza para realizar as entregas nas regi\u00f5es pr\u00f3ximas \u00e0 Viam\u00e3o \u00e9 um carro 100% el\u00e9trico, que roda quase 300km por dia sem emitir gases poluentes para o meio ambiente. E vem muito mais por a\u00ed!<\/span><\/p>\t\t\t\t\t\t<\/div>\n\t\t\t\t<\/div>\n\t\t\t\t\t<\/div>\n\t\t<\/div>\n\t\t\t\t\t\t\t<\/div>\n\t\t<\/section>\n\t\t\t\t\t\t\t<\/div>\n\t\t","protected":false},"excerpt":{"rendered":"<p>A Viacolor Prazer! Somos a VIACOLOR &#8220;N\u00e3o \u00e9 sobre a fotografia, mas sobre aquele momento que ela eterniza. \u00c9 sobre mem\u00f3ria, lembran\u00e7as e o valor que elas t\u00eam. \u00c9, sobretudo, PRESERVAR as mem\u00f3rias e lembran\u00e7as de momentos eternizados em um registro para poder reviv\u00ea-los no futuro ao olhar para elas.&#8221; Fundada em 1997 na cidade &hellip;<\/p>\n<p class=\"read-more\"> <a class=\"\" href=\"https:\/\/viacolorinterface.viacolor.com.br\/index.php\/sobre\/\"> <span class=\"screen-reader-text\">Sobre<\/span> Leia mais &raquo;<\/a><\/p>\n","protected":false},"author":2,"featured_media":0,"parent":0,"menu_order":0,"comment_status":"closed","ping_status":"closed","template":"","meta":{"site-sidebar-layout":"no-sidebar","site-content-layout":"page-builder","ast-site-content-layout":"","site-content-style":"default","site-sidebar-style":"default","ast-global-header-display":"","ast-banner-title-visibility":"","ast-main-header-display":"","ast-hfb-above-header-display":"","ast-hfb-below-header-display":"","ast-hfb-mobile-header-display":"","site-post-title":"disabled","ast-breadcrumbs-content":"","ast-featured-img":"disabled","footer-sml-layout":"","theme-transparent-header-meta":"","adv-header-id-meta":"","stick-header-meta":"","header-above-stick-meta":"","header-main-stick-meta":"","header-below-stick-meta":"","astra-migrate-meta-layouts":"","ast-page-background-enabled":"default","ast-page-background-meta":{"desktop":{"background-color":"","background-image":"","background-repeat":"repeat","background-position":"center center","background-size":"auto","background-attachment":"scroll","background-type":"","background-media":"","overlay-type":"","overlay-color":"","overlay-gradient":""},"tablet":{"background-color":"","background-image":"","background-repeat":"repeat","background-position":"center center","background-size":"auto","background-attachment":"scroll","background-type":"","background-media":"","overlay-type":"","overlay-color":"","overlay-gradient":""},"mobile":{"background-color":"","background-image":"","background-repeat":"repeat","background-position":"center center","background-size":"auto","background-attachment":"scroll","background-type":"","background-media":"","overlay-type":"","overlay-color":"","overlay-gradient":""}},"ast-content-background-meta":{"desktop":{"background-color":"var(--ast-global-color-5)","background-image":"","background-repeat":"repeat","background-position":"center center","background-size":"auto","background-attachment":"scroll","background-type":"","background-media":"","overlay-type":"","overlay-color":"","overlay-gradient":""},"tablet":{"background-color":"var(--ast-global-color-5)","background-image":"","background-repeat":"repeat","background-position":"center center","background-size":"auto","background-attachment":"scroll","background-type":"","background-media":"","overlay-type":"","overlay-color":"","overlay-gradient":""},"mobile":{"background-color":"var(--ast-global-color-5)","background-image":"","background-repeat":"repeat","background-position":"center center","background-size":"auto","background-attachment":"scroll","background-type":"","background-media":"","overlay-type":"","overlay-color":"","overlay-gradient":""}},"_joinchat":[],"footnotes":""},"class_list":["post-3947","page","type-page","status-publish","hentry"],"yoast_head":"<!-- This site is optimized with the Yoast SEO plugin v21.6 - https:\/\/yoast.com\/wordpress\/plugins\/seo\/ -->\n<title>Sobre - Viacolor<\/title>\n<meta name=\"robots\" content=\"index, follow, max-snippet:-1, max-image-preview:large, max-video-preview:-1\" \/>\n<link rel=\"canonical\" href=\"https:\/\/viacolorinterface.mystagingwebsite.com\/index.php\/sobre\/\" \/>\n<meta property=\"og:locale\" content=\"pt_BR\" \/>\n<meta property=\"og:type\" content=\"article\" \/>\n<meta property=\"og:title\" content=\"Sobre - Viacolor\" \/>\n<meta property=\"og:description\" content=\"A Viacolor Prazer! Somos a VIACOLOR &#8220;N\u00e3o \u00e9 sobre a fotografia, mas sobre aquele momento que ela eterniza. \u00c9 sobre mem\u00f3ria, lembran\u00e7as e o valor que elas t\u00eam. \u00c9, sobretudo, PRESERVAR as mem\u00f3rias e lembran\u00e7as de momentos eternizados em um registro para poder reviv\u00ea-los no futuro ao olhar para elas.&#8221; Fundada em 1997 na cidade &hellip; Sobre Leia mais &raquo;\" \/>\n<meta property=\"og:url\" content=\"https:\/\/viacolorinterface.mystagingwebsite.com\/index.php\/sobre\/\" \/>\n<meta property=\"og:site_name\" content=\"Viacolor\" \/>\n<meta property=\"article:modified_time\" content=\"2023-11-13T18:59:47+00:00\" \/>\n<meta property=\"og:image\" content=\"https:\/\/viacolorinterface.mystagingwebsite.com\/wp-content\/uploads\/2023\/11\/LUCIANOSOUZA.jpg\" \/>\n<meta name=\"twitter:card\" content=\"summary_large_image\" \/>\n<meta name=\"twitter:label1\" content=\"Est. tempo de leitura\" \/>\n\t<meta name=\"twitter:data1\" content=\"2 minutos\" \/>\n<script type=\"application\/ld+json\" class=\"yoast-schema-graph\">{\"@context\":\"https:\/\/schema.org\",\"@graph\":[{\"@type\":\"WebPage\",\"@id\":\"https:\/\/viacolorinterface.mystagingwebsite.com\/index.php\/sobre\/\",\"url\":\"https:\/\/viacolorinterface.mystagingwebsite.com\/index.php\/sobre\/\",\"name\":\"Sobre - Viacolor\",\"isPartOf\":{\"@id\":\"https:\/\/viacolorinterface.mystagingwebsite.com\/#website\"},\"datePublished\":\"2023-04-18T23:13:13+00:00\",\"dateModified\":\"2023-11-13T18:59:47+00:00\",\"breadcrumb\":{\"@id\":\"https:\/\/viacolorinterface.mystagingwebsite.com\/index.php\/sobre\/#breadcrumb\"},\"inLanguage\":\"pt-BR\",\"potentialAction\":[{\"@type\":\"ReadAction\",\"target\":[\"https:\/\/viacolorinterface.mystagingwebsite.com\/index.php\/sobre\/\"]}]},{\"@type\":\"BreadcrumbList\",\"@id\":\"https:\/\/viacolorinterface.mystagingwebsite.com\/index.php\/sobre\/#breadcrumb\",\"itemListElement\":[{\"@type\":\"ListItem\",\"position\":1,\"name\":\"In\u00edcio\",\"item\":\"https:\/\/viacolorinterface.mystagingwebsite.com\/\"},{\"@type\":\"ListItem\",\"position\":2,\"name\":\"Sobre\"}]},{\"@type\":\"WebSite\",\"@id\":\"https:\/\/viacolorinterface.mystagingwebsite.com\/#website\",\"url\":\"https:\/\/viacolorinterface.mystagingwebsite.com\/\",\"name\":\"Viacolor\",\"description\":\"Laborat\u00f3rio fotogr\u00e1fico profissional com servi\u00e7o de encaderna\u00e7\u00e3o de livros fotogr\u00e1ficos de alto padr\u00e3o e durabilidade. \u00c1lbuns fotogr\u00e1ficos de casamento, newborn, 15 anos, fam\u00edlia, formatura, gestantes e impress\u00e3o fotogr\u00e1fica. Cadastre-se j\u00e1 em nosso site e conhe\u00e7a toda a nossa linha de produtos.\",\"publisher\":{\"@id\":\"https:\/\/viacolorinterface.mystagingwebsite.com\/#organization\"},\"potentialAction\":[{\"@type\":\"SearchAction\",\"target\":{\"@type\":\"EntryPoint\",\"urlTemplate\":\"https:\/\/viacolorinterface.mystagingwebsite.com\/?s={search_term_string}\"},\"query-input\":\"required name=search_term_string\"}],\"inLanguage\":\"pt-BR\"},{\"@type\":\"Organization\",\"@id\":\"https:\/\/viacolorinterface.mystagingwebsite.com\/#organization\",\"name\":\"Viacolor\",\"url\":\"https:\/\/viacolorinterface.mystagingwebsite.com\/\",\"logo\":{\"@type\":\"ImageObject\",\"inLanguage\":\"pt-BR\",\"@id\":\"https:\/\/viacolorinterface.mystagingwebsite.com\/#\/schema\/logo\/image\/\",\"url\":\"https:\/\/viacolorinterface.viacolor.com.br\/wp-content\/uploads\/2022\/03\/Logo-Site-Branco2-scaled.png\",\"contentUrl\":\"https:\/\/viacolorinterface.viacolor.com.br\/wp-content\/uploads\/2022\/03\/Logo-Site-Branco2-scaled.png\",\"width\":2560,\"height\":1019,\"caption\":\"Viacolor\"},\"image\":{\"@id\":\"https:\/\/viacolorinterface.mystagingwebsite.com\/#\/schema\/logo\/image\/\"}}]}<\/script>\n<!-- \/ Yoast SEO plugin. -->","yoast_head_json":{"title":"Sobre - Viacolor","robots":{"index":"index","follow":"follow","max-snippet":"max-snippet:-1","max-image-preview":"max-image-preview:large","max-video-preview":"max-video-preview:-1"},"canonical":"https:\/\/viacolorinterface.mystagingwebsite.com\/index.php\/sobre\/","og_locale":"pt_BR","og_type":"article","og_title":"Sobre - Viacolor","og_description":"A Viacolor Prazer! Somos a VIACOLOR &#8220;N\u00e3o \u00e9 sobre a fotografia, mas sobre aquele momento que ela eterniza. \u00c9 sobre mem\u00f3ria, lembran\u00e7as e o valor que elas t\u00eam. \u00c9, sobretudo, PRESERVAR as mem\u00f3rias e lembran\u00e7as de momentos eternizados em um registro para poder reviv\u00ea-los no futuro ao olhar para elas.&#8221; Fundada em 1997 na cidade &hellip; Sobre Leia mais &raquo;","og_url":"https:\/\/viacolorinterface.mystagingwebsite.com\/index.php\/sobre\/","og_site_name":"Viacolor","article_modified_time":"2023-11-13T18:59:47+00:00","og_image":[{"url":"https:\/\/viacolorinterface.mystagingwebsite.com\/wp-content\/uploads\/2023\/11\/LUCIANOSOUZA.jpg"}],"twitter_card":"summary_large_image","twitter_misc":{"Est. tempo de leitura":"2 minutos"},"schema":{"@context":"https:\/\/schema.org","@graph":[{"@type":"WebPage","@id":"https:\/\/viacolorinterface.mystagingwebsite.com\/index.php\/sobre\/","url":"https:\/\/viacolorinterface.mystagingwebsite.com\/index.php\/sobre\/","name":"Sobre - Viacolor","isPartOf":{"@id":"https:\/\/viacolorinterface.mystagingwebsite.com\/#website"},"datePublished":"2023-04-18T23:13:13+00:00","dateModified":"2023-11-13T18:59:47+00:00","breadcrumb":{"@id":"https:\/\/viacolorinterface.mystagingwebsite.com\/index.php\/sobre\/#breadcrumb"},"inLanguage":"pt-BR","potentialAction":[{"@type":"ReadAction","target":["https:\/\/viacolorinterface.mystagingwebsite.com\/index.php\/sobre\/"]}]},{"@type":"BreadcrumbList","@id":"https:\/\/viacolorinterface.mystagingwebsite.com\/index.php\/sobre\/#breadcrumb","itemListElement":[{"@type":"ListItem","position":1,"name":"In\u00edcio","item":"https:\/\/viacolorinterface.mystagingwebsite.com\/"},{"@type":"ListItem","position":2,"name":"Sobre"}]},{"@type":"WebSite","@id":"https:\/\/viacolorinterface.mystagingwebsite.com\/#website","url":"https:\/\/viacolorinterface.mystagingwebsite.com\/","name":"Viacolor","description":"Laborat\u00f3rio fotogr\u00e1fico profissional com servi\u00e7o de encaderna\u00e7\u00e3o de livros fotogr\u00e1ficos de alto padr\u00e3o e durabilidade. \u00c1lbuns fotogr\u00e1ficos de casamento, newborn, 15 anos, fam\u00edlia, formatura, gestantes e impress\u00e3o fotogr\u00e1fica. Cadastre-se j\u00e1 em nosso site e conhe\u00e7a toda a nossa linha de produtos.","publisher":{"@id":"https:\/\/viacolorinterface.mystagingwebsite.com\/#organization"},"potentialAction":[{"@type":"SearchAction","target":{"@type":"EntryPoint","urlTemplate":"https:\/\/viacolorinterface.mystagingwebsite.com\/?s={search_term_string}"},"query-input":"required name=search_term_string"}],"inLanguage":"pt-BR"},{"@type":"Organization","@id":"https:\/\/viacolorinterface.mystagingwebsite.com\/#organization","name":"Viacolor","url":"https:\/\/viacolorinterface.mystagingwebsite.com\/","logo":{"@type":"ImageObject","inLanguage":"pt-BR","@id":"https:\/\/viacolorinterface.mystagingwebsite.com\/#\/schema\/logo\/image\/","url":"https:\/\/viacolorinterface.viacolor.com.br\/wp-content\/uploads\/2022\/03\/Logo-Site-Branco2-scaled.png","contentUrl":"https:\/\/viacolorinterface.viacolor.com.br\/wp-content\/uploads\/2022\/03\/Logo-Site-Branco2-scaled.png","width":2560,"height":1019,"caption":"Viacolor"},"image":{"@id":"https:\/\/viacolorinterface.mystagingwebsite.com\/#\/schema\/logo\/image\/"}}]}},"_links":{"self":[{"href":"https:\/\/viacolorinterface.viacolor.com.br\/index.php\/wp-json\/wp\/v2\/pages\/3947","targetHints":{"allow":["GET"]}}],"collection":[{"href":"https:\/\/viacolorinterface.viacolor.com.br\/index.php\/wp-json\/wp\/v2\/pages"}],"about":[{"href":"https:\/\/viacolorinterface.viacolor.com.br\/index.php\/wp-json\/wp\/v2\/types\/page"}],"author":[{"embeddable":true,"href":"https:\/\/viacolorinterface.viacolor.com.br\/index.php\/wp-json\/wp\/v2\/users\/2"}],"replies":[{"embeddable":true,"href":"https:\/\/viacolorinterface.viacolor.com.br\/index.php\/wp-json\/wp\/v2\/comments?post=3947"}],"version-history":[{"count":39,"href":"https:\/\/viacolorinterface.viacolor.com.br\/index.php\/wp-json\/wp\/v2\/pages\/3947\/revisions"}],"predecessor-version":[{"id":6898,"href":"https:\/\/viacolorinterface.viacolor.com.br\/index.php\/wp-json\/wp\/v2\/pages\/3947\/revisions\/6898"}],"wp:attachment":[{"href":"https:\/\/viacolorinterface.viacolor.com.br\/index.php\/wp-json\/wp\/v2\/media?parent=3947"}],"curies":[{"name":"wp","href":"https:\/\/api.w.org\/{rel}","templated":true}]}}