{"id":3911,"date":"2023-04-18T19:49:04","date_gmt":"2023-04-18T22:49:04","guid":{"rendered":"https:\/\/viacolorinterface.viacolor.com.br\/?page_id=3911"},"modified":"2024-03-26T15:10:38","modified_gmt":"2024-03-26T18:10:38","slug":"impressoes","status":"publish","type":"page","link":"https:\/\/viacolorinterface.viacolor.com.br\/index.php\/impressoes\/","title":{"rendered":"Impress\u00f5es"},"content":{"rendered":"\t\t<div data-elementor-type=\"wp-page\" data-elementor-id=\"3911\" class=\"elementor elementor-3911\" data-elementor-post-type=\"page\">\n\t\t\t\t\t\t\t\t\t<section class=\"elementor-section elementor-top-section elementor-element elementor-element-69f628bf elementor-section-full_width elementor-section-stretched elementor-section-height-default elementor-section-height-default\" data-id=\"69f628bf\" data-element_type=\"section\" data-settings=\"{&quot;stretch_section&quot;:&quot;section-stretched&quot;,&quot;background_background&quot;:&quot;classic&quot;,&quot;_ha_eqh_enable&quot;:false}\">\n\t\t\t\t\t\t<div class=\"elementor-container elementor-column-gap-default\">\n\t\t\t\t\t<div class=\"elementor-column elementor-col-100 elementor-top-column elementor-element elementor-element-70011658\" data-id=\"70011658\" data-element_type=\"column\" data-settings=\"{&quot;background_background&quot;:&quot;classic&quot;}\">\n\t\t\t<div class=\"elementor-widget-wrap elementor-element-populated\">\n\t\t\t\t\t\t\t\t<div class=\"elementor-element elementor-element-72543478 elementor-widget elementor-widget-heading\" data-id=\"72543478\" data-element_type=\"widget\" data-widget_type=\"heading.default\">\n\t\t\t\t<div class=\"elementor-widget-container\">\n\t\t\t<h1 class=\"elementor-heading-title elementor-size-default\">Impress\u00f5es<\/h1>\t\t<\/div>\n\t\t\t\t<\/div>\n\t\t\t\t\t<\/div>\n\t\t<\/div>\n\t\t\t\t\t\t\t<\/div>\n\t\t<\/section>\n\t\t\t\t<section class=\"elementor-section elementor-top-section elementor-element elementor-element-5493f89 elementor-section-boxed elementor-section-height-default elementor-section-height-default\" data-id=\"5493f89\" data-element_type=\"section\" data-settings=\"{&quot;_ha_eqh_enable&quot;:false}\">\n\t\t\t\t\t\t<div class=\"elementor-container elementor-column-gap-default\">\n\t\t\t\t\t<div class=\"elementor-column elementor-col-100 elementor-top-column elementor-element elementor-element-6fda898\" data-id=\"6fda898\" data-element_type=\"column\">\n\t\t\t<div class=\"elementor-widget-wrap elementor-element-populated\">\n\t\t\t\t\t\t\t\t<div class=\"elementor-element elementor-element-13a94ed elementor-widget elementor-widget-heading\" data-id=\"13a94ed\" data-element_type=\"widget\" data-widget_type=\"heading.default\">\n\t\t\t\t<div class=\"elementor-widget-container\">\n\t\t\t<h2 class=\"elementor-heading-title elementor-size-default\">Somente imagens em formato JPG s\u00e3o aceitas<\/h2>\t\t<\/div>\n\t\t\t\t<\/div>\n\t\t\t\t\t<\/div>\n\t\t<\/div>\n\t\t\t\t\t\t\t<\/div>\n\t\t<\/section>\n\t\t\t\t<section class=\"elementor-section elementor-top-section elementor-element elementor-element-696d67bf elementor-section-boxed elementor-section-height-default elementor-section-height-default\" data-id=\"696d67bf\" data-element_type=\"section\" data-settings=\"{&quot;_ha_eqh_enable&quot;:false}\">\n\t\t\t\t\t\t<div class=\"elementor-container elementor-column-gap-default\">\n\t\t\t\t\t<div class=\"elementor-column elementor-col-33 elementor-top-column elementor-element elementor-element-78e4f0af\" data-id=\"78e4f0af\" data-element_type=\"column\">\n\t\t\t<div class=\"elementor-widget-wrap elementor-element-populated\">\n\t\t\t\t\t\t\t\t<section class=\"elementor-section elementor-inner-section elementor-element elementor-element-1aa31241 elementor-section-boxed elementor-section-height-default elementor-section-height-default\" data-id=\"1aa31241\" data-element_type=\"section\" data-settings=\"{&quot;_ha_eqh_enable&quot;:false}\">\n\t\t\t\t\t\t<div class=\"elementor-container elementor-column-gap-default\">\n\t\t\t\t\t<div class=\"elementor-column elementor-col-100 elementor-inner-column elementor-element elementor-element-40720122\" data-id=\"40720122\" data-element_type=\"column\" data-settings=\"{&quot;background_background&quot;:&quot;slideshow&quot;,&quot;background_slideshow_gallery&quot;:[{&quot;id&quot;:3914,&quot;url&quot;:&quot;https:\\\/\\\/viacolorinterface.viacolor.com.br\\\/wp-content\\\/uploads\\\/2023\\\/04\\\/foto1.webp&quot;}],&quot;background_slideshow_loop&quot;:&quot;yes&quot;,&quot;background_slideshow_slide_duration&quot;:5000,&quot;background_slideshow_slide_transition&quot;:&quot;fade&quot;,&quot;background_slideshow_transition_duration&quot;:500}\">\n\t\t\t<div class=\"elementor-widget-wrap elementor-element-populated\">\n\t\t\t\t\t\t\t\t<div class=\"elementor-element elementor-element-11bcd573 elementor-align-center elementor-widget elementor-widget-button\" data-id=\"11bcd573\" data-element_type=\"widget\" data-widget_type=\"button.default\">\n\t\t\t\t<div class=\"elementor-widget-container\">\n\t\t\t\t\t<div class=\"elementor-button-wrapper\">\n\t\t\t<a class=\"elementor-button elementor-button-link elementor-size-xs\" href=\"https:\/\/viacolor.com.br\/revelacao-profissional\/photomanager-dashboard\">\n\t\t\t\t\t\t<span class=\"elementor-button-content-wrapper\">\n\t\t\t\t\t\t<span class=\"elementor-button-text\">REVELA\u00c7\u00c3O DE FOTOS PRO<\/span>\n\t\t<\/span>\n\t\t\t\t\t<\/a>\n\t\t<\/div>\n\t\t\t\t<\/div>\n\t\t\t\t<\/div>\n\t\t\t\t\t<\/div>\n\t\t<\/div>\n\t\t\t\t\t\t\t<\/div>\n\t\t<\/section>\n\t\t\t\t\t<\/div>\n\t\t<\/div>\n\t\t\t\t<div class=\"elementor-column elementor-col-33 elementor-top-column elementor-element elementor-element-4c36265f\" data-id=\"4c36265f\" data-element_type=\"column\">\n\t\t\t<div class=\"elementor-widget-wrap elementor-element-populated\">\n\t\t\t\t\t\t\t\t<section class=\"elementor-section elementor-inner-section elementor-element elementor-element-32e304c7 elementor-section-boxed elementor-section-height-default elementor-section-height-default\" data-id=\"32e304c7\" data-element_type=\"section\" data-settings=\"{&quot;_ha_eqh_enable&quot;:false}\">\n\t\t\t\t\t\t<div class=\"elementor-container elementor-column-gap-default\">\n\t\t\t\t\t<div class=\"elementor-column elementor-col-100 elementor-inner-column elementor-element elementor-element-65cf5014\" data-id=\"65cf5014\" data-element_type=\"column\" data-settings=\"{&quot;background_background&quot;:&quot;slideshow&quot;,&quot;background_slideshow_gallery&quot;:[{&quot;id&quot;:4402,&quot;url&quot;:&quot;https:\\\/\\\/viacolorinterface.viacolor.com.br\\\/wp-content\\\/uploads\\\/2023\\\/09\\\/SITE.jpg&quot;}],&quot;background_slideshow_loop&quot;:&quot;yes&quot;,&quot;background_slideshow_slide_duration&quot;:5000,&quot;background_slideshow_slide_transition&quot;:&quot;fade&quot;,&quot;background_slideshow_transition_duration&quot;:500}\">\n\t\t\t<div class=\"elementor-widget-wrap elementor-element-populated\">\n\t\t\t\t\t\t\t\t<div class=\"elementor-element elementor-element-4381ab42 elementor-align-center elementor-widget elementor-widget-button\" data-id=\"4381ab42\" data-element_type=\"widget\" data-widget_type=\"button.default\">\n\t\t\t\t<div class=\"elementor-widget-container\">\n\t\t\t\t\t<div class=\"elementor-button-wrapper\">\n\t\t\t<a class=\"elementor-button elementor-button-link elementor-size-xs\" href=\"https:\/\/viacolorinterface.viacolor.com.br\/wp-content\/uploads\/2023\/09\/Tabela-de-Formatos-e-Medidas-Exatas.jpg\">\n\t\t\t\t\t\t<span class=\"elementor-button-content-wrapper\">\n\t\t\t\t\t\t<span class=\"elementor-button-text\">BAIXAR AGORA<\/span>\n\t\t<\/span>\n\t\t\t\t\t<\/a>\n\t\t<\/div>\n\t\t\t\t<\/div>\n\t\t\t\t<\/div>\n\t\t\t\t\t<\/div>\n\t\t<\/div>\n\t\t\t\t\t\t\t<\/div>\n\t\t<\/section>\n\t\t\t\t\t<\/div>\n\t\t<\/div>\n\t\t\t\t<div class=\"elementor-column elementor-col-33 elementor-top-column elementor-element elementor-element-17e04f67\" data-id=\"17e04f67\" data-element_type=\"column\">\n\t\t\t<div class=\"elementor-widget-wrap elementor-element-populated\">\n\t\t\t\t\t\t\t\t<section class=\"elementor-section elementor-inner-section elementor-element elementor-element-1d548530 elementor-section-boxed elementor-section-height-default elementor-section-height-default\" data-id=\"1d548530\" data-element_type=\"section\" data-settings=\"{&quot;_ha_eqh_enable&quot;:false}\">\n\t\t\t\t\t\t<div class=\"elementor-container elementor-column-gap-default\">\n\t\t\t\t\t<div class=\"elementor-column elementor-col-100 elementor-inner-column elementor-element elementor-element-151ed9ed\" data-id=\"151ed9ed\" data-element_type=\"column\" data-settings=\"{&quot;background_background&quot;:&quot;slideshow&quot;,&quot;background_slideshow_gallery&quot;:[{&quot;id&quot;:3916,&quot;url&quot;:&quot;https:\\\/\\\/viacolorinterface.viacolor.com.br\\\/wp-content\\\/uploads\\\/2023\\\/04\\\/foto2.webp&quot;}],&quot;background_slideshow_loop&quot;:&quot;yes&quot;,&quot;background_slideshow_slide_duration&quot;:5000,&quot;background_slideshow_slide_transition&quot;:&quot;fade&quot;,&quot;background_slideshow_transition_duration&quot;:500}\">\n\t\t\t<div class=\"elementor-widget-wrap elementor-element-populated\">\n\t\t\t\t\t\t\t\t<div class=\"elementor-element elementor-element-454edc7a elementor-align-center elementor-widget elementor-widget-button\" data-id=\"454edc7a\" data-element_type=\"widget\" data-widget_type=\"button.default\">\n\t\t\t\t<div class=\"elementor-widget-container\">\n\t\t\t\t\t<div class=\"elementor-button-wrapper\">\n\t\t\t<a class=\"elementor-button elementor-button-link elementor-size-xs\" href=\"https:\/\/viacolor.com.br\/revelacao-de-fotos-online\">\n\t\t\t\t\t\t<span class=\"elementor-button-content-wrapper\">\n\t\t\t\t\t\t<span class=\"elementor-button-text\">ENVIAR FOTOS TRADICIONAIS<\/span>\n\t\t<\/span>\n\t\t\t\t\t<\/a>\n\t\t<\/div>\n\t\t\t\t<\/div>\n\t\t\t\t<\/div>\n\t\t\t\t\t<\/div>\n\t\t<\/div>\n\t\t\t\t\t\t\t<\/div>\n\t\t<\/section>\n\t\t\t\t\t<\/div>\n\t\t<\/div>\n\t\t\t\t\t\t\t<\/div>\n\t\t<\/section>\n\t\t\t\t\t\t\t<\/div>\n\t\t","protected":false},"excerpt":{"rendered":"<p>Impress\u00f5es Somente imagens em formato JPG s\u00e3o aceitas REVELA\u00c7\u00c3O DE FOTOS PRO BAIXAR AGORA ENVIAR FOTOS TRADICIONAIS<\/p>\n","protected":false},"author":2,"featured_media":0,"parent":0,"menu_order":0,"comment_status":"closed","ping_status":"closed","template":"","meta":{"site-sidebar-layout":"no-sidebar","site-content-layout":"page-builder","ast-site-content-layout":"","site-content-style":"default","site-sidebar-style":"default","ast-global-header-display":"","ast-banner-title-visibility":"","ast-main-header-display":"","ast-hfb-above-header-display":"","ast-hfb-below-header-display":"","ast-hfb-mobile-header-display":"","site-post-title":"disabled","ast-breadcrumbs-content":"","ast-featured-img":"disabled","footer-sml-layout":"","theme-transparent-header-meta":"","adv-header-id-meta":"","stick-header-meta":"","header-above-stick-meta":"","header-main-stick-meta":"","header-below-stick-meta":"","astra-migrate-meta-layouts":"","ast-page-background-enabled":"default","ast-page-background-meta":{"desktop":{"background-color":"","background-image":"","background-repeat":"repeat","background-position":"center center","background-size":"auto","background-attachment":"scroll","background-type":"","background-media":"","overlay-type":"","overlay-color":"","overlay-gradient":""},"tablet":{"background-color":"","background-image":"","background-repeat":"repeat","background-position":"center center","background-size":"auto","background-attachment":"scroll","background-type":"","background-media":"","overlay-type":"","overlay-color":"","overlay-gradient":""},"mobile":{"background-color":"","background-image":"","background-repeat":"repeat","background-position":"center center","background-size":"auto","background-attachment":"scroll","background-type":"","background-media":"","overlay-type":"","overlay-color":"","overlay-gradient":""}},"ast-content-background-meta":{"desktop":{"background-color":"var(--ast-global-color-5)","background-image":"","background-repeat":"repeat","background-position":"center center","background-size":"auto","background-attachment":"scroll","background-type":"","background-media":"","overlay-type":"","overlay-color":"","overlay-gradient":""},"tablet":{"background-color":"var(--ast-global-color-5)","background-image":"","background-repeat":"repeat","background-position":"center center","background-size":"auto","background-attachment":"scroll","background-type":"","background-media":"","overlay-type":"","overlay-color":"","overlay-gradient":""},"mobile":{"background-color":"var(--ast-global-color-5)","background-image":"","background-repeat":"repeat","background-position":"center center","background-size":"auto","background-attachment":"scroll","background-type":"","background-media":"","overlay-type":"","overlay-color":"","overlay-gradient":""}},"_joinchat":[],"footnotes":""},"class_list":["post-3911","page","type-page","status-publish","hentry"],"yoast_head":"<!-- This site is optimized with the Yoast SEO plugin v21.6 - https:\/\/yoast.com\/wordpress\/plugins\/seo\/ -->\n<title>Impress\u00f5es - Viacolor<\/title>\n<meta name=\"robots\" content=\"index, follow, max-snippet:-1, max-image-preview:large, max-video-preview:-1\" \/>\n<link rel=\"canonical\" href=\"https:\/\/viacolorinterface.mystagingwebsite.com\/index.php\/impressoes\/\" \/>\n<meta property=\"og:locale\" content=\"pt_BR\" \/>\n<meta property=\"og:type\" content=\"article\" \/>\n<meta property=\"og:title\" content=\"Impress\u00f5es - Viacolor\" \/>\n<meta property=\"og:description\" content=\"Impress\u00f5es Somente imagens em formato JPG s\u00e3o aceitas REVELA\u00c7\u00c3O DE FOTOS PRO BAIXAR AGORA ENVIAR FOTOS TRADICIONAIS\" \/>\n<meta property=\"og:url\" content=\"https:\/\/viacolorinterface.mystagingwebsite.com\/index.php\/impressoes\/\" \/>\n<meta property=\"og:site_name\" content=\"Viacolor\" \/>\n<meta property=\"article:modified_time\" content=\"2024-03-26T18:10:38+00:00\" \/>\n<meta name=\"twitter:card\" content=\"summary_large_image\" \/>\n<meta name=\"twitter:label1\" content=\"Est. tempo de leitura\" \/>\n\t<meta name=\"twitter:data1\" content=\"1 minuto\" \/>\n<script type=\"application\/ld+json\" class=\"yoast-schema-graph\">{\"@context\":\"https:\/\/schema.org\",\"@graph\":[{\"@type\":\"WebPage\",\"@id\":\"https:\/\/viacolorinterface.mystagingwebsite.com\/index.php\/impressoes\/\",\"url\":\"https:\/\/viacolorinterface.mystagingwebsite.com\/index.php\/impressoes\/\",\"name\":\"Impress\u00f5es - Viacolor\",\"isPartOf\":{\"@id\":\"https:\/\/viacolorinterface.mystagingwebsite.com\/#website\"},\"datePublished\":\"2023-04-18T22:49:04+00:00\",\"dateModified\":\"2024-03-26T18:10:38+00:00\",\"breadcrumb\":{\"@id\":\"https:\/\/viacolorinterface.mystagingwebsite.com\/index.php\/impressoes\/#breadcrumb\"},\"inLanguage\":\"pt-BR\",\"potentialAction\":[{\"@type\":\"ReadAction\",\"target\":[\"https:\/\/viacolorinterface.mystagingwebsite.com\/index.php\/impressoes\/\"]}]},{\"@type\":\"BreadcrumbList\",\"@id\":\"https:\/\/viacolorinterface.mystagingwebsite.com\/index.php\/impressoes\/#breadcrumb\",\"itemListElement\":[{\"@type\":\"ListItem\",\"position\":1,\"name\":\"In\u00edcio\",\"item\":\"https:\/\/viacolorinterface.mystagingwebsite.com\/\"},{\"@type\":\"ListItem\",\"position\":2,\"name\":\"Impress\u00f5es\"}]},{\"@type\":\"WebSite\",\"@id\":\"https:\/\/viacolorinterface.mystagingwebsite.com\/#website\",\"url\":\"https:\/\/viacolorinterface.mystagingwebsite.com\/\",\"name\":\"Viacolor\",\"description\":\"Laborat\u00f3rio fotogr\u00e1fico profissional com servi\u00e7o de encaderna\u00e7\u00e3o de livros fotogr\u00e1ficos de alto padr\u00e3o e durabilidade. \u00c1lbuns fotogr\u00e1ficos de casamento, newborn, 15 anos, fam\u00edlia, formatura, gestantes e impress\u00e3o fotogr\u00e1fica. Cadastre-se j\u00e1 em nosso site e conhe\u00e7a toda a nossa linha de produtos.\",\"publisher\":{\"@id\":\"https:\/\/viacolorinterface.mystagingwebsite.com\/#organization\"},\"potentialAction\":[{\"@type\":\"SearchAction\",\"target\":{\"@type\":\"EntryPoint\",\"urlTemplate\":\"https:\/\/viacolorinterface.mystagingwebsite.com\/?s={search_term_string}\"},\"query-input\":\"required name=search_term_string\"}],\"inLanguage\":\"pt-BR\"},{\"@type\":\"Organization\",\"@id\":\"https:\/\/viacolorinterface.mystagingwebsite.com\/#organization\",\"name\":\"Viacolor\",\"url\":\"https:\/\/viacolorinterface.mystagingwebsite.com\/\",\"logo\":{\"@type\":\"ImageObject\",\"inLanguage\":\"pt-BR\",\"@id\":\"https:\/\/viacolorinterface.mystagingwebsite.com\/#\/schema\/logo\/image\/\",\"url\":\"https:\/\/viacolorinterface.viacolor.com.br\/wp-content\/uploads\/2022\/03\/Logo-Site-Branco2-scaled.png\",\"contentUrl\":\"https:\/\/viacolorinterface.viacolor.com.br\/wp-content\/uploads\/2022\/03\/Logo-Site-Branco2-scaled.png\",\"width\":2560,\"height\":1019,\"caption\":\"Viacolor\"},\"image\":{\"@id\":\"https:\/\/viacolorinterface.mystagingwebsite.com\/#\/schema\/logo\/image\/\"}}]}<\/script>\n<!-- \/ Yoast SEO plugin. -->","yoast_head_json":{"title":"Impress\u00f5es - Viacolor","robots":{"index":"index","follow":"follow","max-snippet":"max-snippet:-1","max-image-preview":"max-image-preview:large","max-video-preview":"max-video-preview:-1"},"canonical":"https:\/\/viacolorinterface.mystagingwebsite.com\/index.php\/impressoes\/","og_locale":"pt_BR","og_type":"article","og_title":"Impress\u00f5es - Viacolor","og_description":"Impress\u00f5es Somente imagens em formato JPG s\u00e3o aceitas REVELA\u00c7\u00c3O DE FOTOS PRO BAIXAR AGORA ENVIAR FOTOS TRADICIONAIS","og_url":"https:\/\/viacolorinterface.mystagingwebsite.com\/index.php\/impressoes\/","og_site_name":"Viacolor","article_modified_time":"2024-03-26T18:10:38+00:00","twitter_card":"summary_large_image","twitter_misc":{"Est. tempo de leitura":"1 minuto"},"schema":{"@context":"https:\/\/schema.org","@graph":[{"@type":"WebPage","@id":"https:\/\/viacolorinterface.mystagingwebsite.com\/index.php\/impressoes\/","url":"https:\/\/viacolorinterface.mystagingwebsite.com\/index.php\/impressoes\/","name":"Impress\u00f5es - Viacolor","isPartOf":{"@id":"https:\/\/viacolorinterface.mystagingwebsite.com\/#website"},"datePublished":"2023-04-18T22:49:04+00:00","dateModified":"2024-03-26T18:10:38+00:00","breadcrumb":{"@id":"https:\/\/viacolorinterface.mystagingwebsite.com\/index.php\/impressoes\/#breadcrumb"},"inLanguage":"pt-BR","potentialAction":[{"@type":"ReadAction","target":["https:\/\/viacolorinterface.mystagingwebsite.com\/index.php\/impressoes\/"]}]},{"@type":"BreadcrumbList","@id":"https:\/\/viacolorinterface.mystagingwebsite.com\/index.php\/impressoes\/#breadcrumb","itemListElement":[{"@type":"ListItem","position":1,"name":"In\u00edcio","item":"https:\/\/viacolorinterface.mystagingwebsite.com\/"},{"@type":"ListItem","position":2,"name":"Impress\u00f5es"}]},{"@type":"WebSite","@id":"https:\/\/viacolorinterface.mystagingwebsite.com\/#website","url":"https:\/\/viacolorinterface.mystagingwebsite.com\/","name":"Viacolor","description":"Laborat\u00f3rio fotogr\u00e1fico profissional com servi\u00e7o de encaderna\u00e7\u00e3o de livros fotogr\u00e1ficos de alto padr\u00e3o e durabilidade. \u00c1lbuns fotogr\u00e1ficos de casamento, newborn, 15 anos, fam\u00edlia, formatura, gestantes e impress\u00e3o fotogr\u00e1fica. Cadastre-se j\u00e1 em nosso site e conhe\u00e7a toda a nossa linha de produtos.","publisher":{"@id":"https:\/\/viacolorinterface.mystagingwebsite.com\/#organization"},"potentialAction":[{"@type":"SearchAction","target":{"@type":"EntryPoint","urlTemplate":"https:\/\/viacolorinterface.mystagingwebsite.com\/?s={search_term_string}"},"query-input":"required name=search_term_string"}],"inLanguage":"pt-BR"},{"@type":"Organization","@id":"https:\/\/viacolorinterface.mystagingwebsite.com\/#organization","name":"Viacolor","url":"https:\/\/viacolorinterface.mystagingwebsite.com\/","logo":{"@type":"ImageObject","inLanguage":"pt-BR","@id":"https:\/\/viacolorinterface.mystagingwebsite.com\/#\/schema\/logo\/image\/","url":"https:\/\/viacolorinterface.viacolor.com.br\/wp-content\/uploads\/2022\/03\/Logo-Site-Branco2-scaled.png","contentUrl":"https:\/\/viacolorinterface.viacolor.com.br\/wp-content\/uploads\/2022\/03\/Logo-Site-Branco2-scaled.png","width":2560,"height":1019,"caption":"Viacolor"},"image":{"@id":"https:\/\/viacolorinterface.mystagingwebsite.com\/#\/schema\/logo\/image\/"}}]}},"_links":{"self":[{"href":"https:\/\/viacolorinterface.viacolor.com.br\/index.php\/wp-json\/wp\/v2\/pages\/3911","targetHints":{"allow":["GET"]}}],"collection":[{"href":"https:\/\/viacolorinterface.viacolor.com.br\/index.php\/wp-json\/wp\/v2\/pages"}],"about":[{"href":"https:\/\/viacolorinterface.viacolor.com.br\/index.php\/wp-json\/wp\/v2\/types\/page"}],"author":[{"embeddable":true,"href":"https:\/\/viacolorinterface.viacolor.com.br\/index.php\/wp-json\/wp\/v2\/users\/2"}],"replies":[{"embeddable":true,"href":"https:\/\/viacolorinterface.viacolor.com.br\/index.php\/wp-json\/wp\/v2\/comments?post=3911"}],"version-history":[{"count":32,"href":"https:\/\/viacolorinterface.viacolor.com.br\/index.php\/wp-json\/wp\/v2\/pages\/3911\/revisions"}],"predecessor-version":[{"id":7781,"href":"https:\/\/viacolorinterface.viacolor.com.br\/index.php\/wp-json\/wp\/v2\/pages\/3911\/revisions\/7781"}],"wp:attachment":[{"href":"https:\/\/viacolorinterface.viacolor.com.br\/index.php\/wp-json\/wp\/v2\/media?parent=3911"}],"curies":[{"name":"wp","href":"https:\/\/api.w.org\/{rel}","templated":true}]}}