{"id":323,"date":"2020-08-07T08:54:23","date_gmt":"2020-08-07T11:54:23","guid":{"rendered":"https:\/\/viacolorinterface.viacolor.com.br\/?page_id=323"},"modified":"2020-09-30T10:06:55","modified_gmt":"2020-09-30T13:06:55","slug":"cabecalho","status":"publish","type":"page","link":"https:\/\/viacolorinterface.viacolor.com.br\/index.php\/cabecalho\/","title":{"rendered":"Auryn Header &#8211; N\u00e3o Editar"},"content":{"rendered":"","protected":false},"excerpt":{"rendered":"","protected":false},"author":3,"featured_media":0,"parent":0,"menu_order":0,"comment_status":"closed","ping_status":"closed","template":"blank-slate-menu-template.php","meta":{"site-sidebar-layout":"no-sidebar","site-content-layout":"page-builder","ast-site-content-layout":"","site-content-style":"default","site-sidebar-style":"default","ast-global-header-display":"","ast-banner-title-visibility":"","ast-main-header-display":"","ast-hfb-above-header-display":"","ast-hfb-below-header-display":"","ast-hfb-mobile-header-display":"","site-post-title":"disabled","ast-breadcrumbs-content":"","ast-featured-img":"disabled","footer-sml-layout":"","theme-transparent-header-meta":"default","adv-header-id-meta":"","stick-header-meta":"","header-above-stick-meta":"","header-main-stick-meta":"","header-below-stick-meta":"","astra-migrate-meta-layouts":"","ast-page-background-enabled":"default","ast-page-background-meta":{"desktop":{"background-color":"","background-image":"","background-repeat":"repeat","background-position":"center center","background-size":"auto","background-attachment":"scroll","background-type":"","background-media":"","overlay-type":"","overlay-color":"","overlay-gradient":""},"tablet":{"background-color":"","background-image":"","background-repeat":"repeat","background-position":"center center","background-size":"auto","background-attachment":"scroll","background-type":"","background-media":"","overlay-type":"","overlay-color":"","overlay-gradient":""},"mobile":{"background-color":"","background-image":"","background-repeat":"repeat","background-position":"center center","background-size":"auto","background-attachment":"scroll","background-type":"","background-media":"","overlay-type":"","overlay-color":"","overlay-gradient":""}},"ast-content-background-meta":{"desktop":{"background-color":"var(--ast-global-color-5)","background-image":"","background-repeat":"repeat","background-position":"center center","background-size":"auto","background-attachment":"scroll","background-type":"","background-media":"","overlay-type":"","overlay-color":"","overlay-gradient":""},"tablet":{"background-color":"var(--ast-global-color-5)","background-image":"","background-repeat":"repeat","background-position":"center center","background-size":"auto","background-attachment":"scroll","background-type":"","background-media":"","overlay-type":"","overlay-color":"","overlay-gradient":""},"mobile":{"background-color":"var(--ast-global-color-5)","background-image":"","background-repeat":"repeat","background-position":"center center","background-size":"auto","background-attachment":"scroll","background-type":"","background-media":"","overlay-type":"","overlay-color":"","overlay-gradient":""}},"_joinchat":[],"footnotes":""},"class_list":["post-323","page","type-page","status-publish","hentry"],"yoast_head":"<!-- This site is optimized with the Yoast SEO plugin v21.6 - https:\/\/yoast.com\/wordpress\/plugins\/seo\/ -->\n<title>Auryn Header - N\u00e3o Editar - Viacolor<\/title>\n<meta name=\"robots\" content=\"index, follow, max-snippet:-1, max-image-preview:large, max-video-preview:-1\" \/>\n<link rel=\"canonical\" href=\"https:\/\/viacolorinterface.mystagingwebsite.com\/index.php\/cabecalho\/\" \/>\n<meta property=\"og:locale\" content=\"pt_BR\" \/>\n<meta property=\"og:type\" content=\"article\" \/>\n<meta property=\"og:title\" content=\"Auryn Header - N\u00e3o Editar - Viacolor\" \/>\n<meta property=\"og:url\" content=\"https:\/\/viacolorinterface.mystagingwebsite.com\/index.php\/cabecalho\/\" \/>\n<meta property=\"og:site_name\" content=\"Viacolor\" \/>\n<meta property=\"article:modified_time\" content=\"2020-09-30T13:06:55+00:00\" \/>\n<meta name=\"twitter:card\" content=\"summary_large_image\" \/>\n<script type=\"application\/ld+json\" class=\"yoast-schema-graph\">{\"@context\":\"https:\/\/schema.org\",\"@graph\":[{\"@type\":\"WebPage\",\"@id\":\"https:\/\/viacolorinterface.mystagingwebsite.com\/index.php\/cabecalho\/\",\"url\":\"https:\/\/viacolorinterface.mystagingwebsite.com\/index.php\/cabecalho\/\",\"name\":\"Auryn Header - N\u00e3o Editar - Viacolor\",\"isPartOf\":{\"@id\":\"https:\/\/viacolorinterface.mystagingwebsite.com\/#website\"},\"datePublished\":\"2020-08-07T11:54:23+00:00\",\"dateModified\":\"2020-09-30T13:06:55+00:00\",\"breadcrumb\":{\"@id\":\"https:\/\/viacolorinterface.mystagingwebsite.com\/index.php\/cabecalho\/#breadcrumb\"},\"inLanguage\":\"pt-BR\",\"potentialAction\":[{\"@type\":\"ReadAction\",\"target\":[\"https:\/\/viacolorinterface.mystagingwebsite.com\/index.php\/cabecalho\/\"]}]},{\"@type\":\"BreadcrumbList\",\"@id\":\"https:\/\/viacolorinterface.mystagingwebsite.com\/index.php\/cabecalho\/#breadcrumb\",\"itemListElement\":[{\"@type\":\"ListItem\",\"position\":1,\"name\":\"In\u00edcio\",\"item\":\"https:\/\/viacolorinterface.mystagingwebsite.com\/\"},{\"@type\":\"ListItem\",\"position\":2,\"name\":\"Auryn Header &#8211; N\u00e3o Editar\"}]},{\"@type\":\"WebSite\",\"@id\":\"https:\/\/viacolorinterface.mystagingwebsite.com\/#website\",\"url\":\"https:\/\/viacolorinterface.mystagingwebsite.com\/\",\"name\":\"Viacolor\",\"description\":\"Laborat\u00f3rio fotogr\u00e1fico profissional com servi\u00e7o de encaderna\u00e7\u00e3o de livros fotogr\u00e1ficos de alto padr\u00e3o e durabilidade. \u00c1lbuns fotogr\u00e1ficos de casamento, newborn, 15 anos, fam\u00edlia, formatura, gestantes e impress\u00e3o fotogr\u00e1fica. Cadastre-se j\u00e1 em nosso site e conhe\u00e7a toda a nossa linha de produtos.\",\"publisher\":{\"@id\":\"https:\/\/viacolorinterface.mystagingwebsite.com\/#organization\"},\"potentialAction\":[{\"@type\":\"SearchAction\",\"target\":{\"@type\":\"EntryPoint\",\"urlTemplate\":\"https:\/\/viacolorinterface.mystagingwebsite.com\/?s={search_term_string}\"},\"query-input\":\"required name=search_term_string\"}],\"inLanguage\":\"pt-BR\"},{\"@type\":\"Organization\",\"@id\":\"https:\/\/viacolorinterface.mystagingwebsite.com\/#organization\",\"name\":\"Viacolor\",\"url\":\"https:\/\/viacolorinterface.mystagingwebsite.com\/\",\"logo\":{\"@type\":\"ImageObject\",\"inLanguage\":\"pt-BR\",\"@id\":\"https:\/\/viacolorinterface.mystagingwebsite.com\/#\/schema\/logo\/image\/\",\"url\":\"https:\/\/viacolorinterface.viacolor.com.br\/wp-content\/uploads\/2022\/03\/Logo-Site-Branco2-scaled.png\",\"contentUrl\":\"https:\/\/viacolorinterface.viacolor.com.br\/wp-content\/uploads\/2022\/03\/Logo-Site-Branco2-scaled.png\",\"width\":2560,\"height\":1019,\"caption\":\"Viacolor\"},\"image\":{\"@id\":\"https:\/\/viacolorinterface.mystagingwebsite.com\/#\/schema\/logo\/image\/\"}}]}<\/script>\n<!-- \/ Yoast SEO plugin. -->","yoast_head_json":{"title":"Auryn Header - N\u00e3o Editar - Viacolor","robots":{"index":"index","follow":"follow","max-snippet":"max-snippet:-1","max-image-preview":"max-image-preview:large","max-video-preview":"max-video-preview:-1"},"canonical":"https:\/\/viacolorinterface.mystagingwebsite.com\/index.php\/cabecalho\/","og_locale":"pt_BR","og_type":"article","og_title":"Auryn Header - N\u00e3o Editar - Viacolor","og_url":"https:\/\/viacolorinterface.mystagingwebsite.com\/index.php\/cabecalho\/","og_site_name":"Viacolor","article_modified_time":"2020-09-30T13:06:55+00:00","twitter_card":"summary_large_image","schema":{"@context":"https:\/\/schema.org","@graph":[{"@type":"WebPage","@id":"https:\/\/viacolorinterface.mystagingwebsite.com\/index.php\/cabecalho\/","url":"https:\/\/viacolorinterface.mystagingwebsite.com\/index.php\/cabecalho\/","name":"Auryn Header - N\u00e3o Editar - Viacolor","isPartOf":{"@id":"https:\/\/viacolorinterface.mystagingwebsite.com\/#website"},"datePublished":"2020-08-07T11:54:23+00:00","dateModified":"2020-09-30T13:06:55+00:00","breadcrumb":{"@id":"https:\/\/viacolorinterface.mystagingwebsite.com\/index.php\/cabecalho\/#breadcrumb"},"inLanguage":"pt-BR","potentialAction":[{"@type":"ReadAction","target":["https:\/\/viacolorinterface.mystagingwebsite.com\/index.php\/cabecalho\/"]}]},{"@type":"BreadcrumbList","@id":"https:\/\/viacolorinterface.mystagingwebsite.com\/index.php\/cabecalho\/#breadcrumb","itemListElement":[{"@type":"ListItem","position":1,"name":"In\u00edcio","item":"https:\/\/viacolorinterface.mystagingwebsite.com\/"},{"@type":"ListItem","position":2,"name":"Auryn Header &#8211; N\u00e3o Editar"}]},{"@type":"WebSite","@id":"https:\/\/viacolorinterface.mystagingwebsite.com\/#website","url":"https:\/\/viacolorinterface.mystagingwebsite.com\/","name":"Viacolor","description":"Laborat\u00f3rio fotogr\u00e1fico profissional com servi\u00e7o de encaderna\u00e7\u00e3o de livros fotogr\u00e1ficos de alto padr\u00e3o e durabilidade. \u00c1lbuns fotogr\u00e1ficos de casamento, newborn, 15 anos, fam\u00edlia, formatura, gestantes e impress\u00e3o fotogr\u00e1fica. Cadastre-se j\u00e1 em nosso site e conhe\u00e7a toda a nossa linha de produtos.","publisher":{"@id":"https:\/\/viacolorinterface.mystagingwebsite.com\/#organization"},"potentialAction":[{"@type":"SearchAction","target":{"@type":"EntryPoint","urlTemplate":"https:\/\/viacolorinterface.mystagingwebsite.com\/?s={search_term_string}"},"query-input":"required name=search_term_string"}],"inLanguage":"pt-BR"},{"@type":"Organization","@id":"https:\/\/viacolorinterface.mystagingwebsite.com\/#organization","name":"Viacolor","url":"https:\/\/viacolorinterface.mystagingwebsite.com\/","logo":{"@type":"ImageObject","inLanguage":"pt-BR","@id":"https:\/\/viacolorinterface.mystagingwebsite.com\/#\/schema\/logo\/image\/","url":"https:\/\/viacolorinterface.viacolor.com.br\/wp-content\/uploads\/2022\/03\/Logo-Site-Branco2-scaled.png","contentUrl":"https:\/\/viacolorinterface.viacolor.com.br\/wp-content\/uploads\/2022\/03\/Logo-Site-Branco2-scaled.png","width":2560,"height":1019,"caption":"Viacolor"},"image":{"@id":"https:\/\/viacolorinterface.mystagingwebsite.com\/#\/schema\/logo\/image\/"}}]}},"_links":{"self":[{"href":"https:\/\/viacolorinterface.viacolor.com.br\/index.php\/wp-json\/wp\/v2\/pages\/323","targetHints":{"allow":["GET"]}}],"collection":[{"href":"https:\/\/viacolorinterface.viacolor.com.br\/index.php\/wp-json\/wp\/v2\/pages"}],"about":[{"href":"https:\/\/viacolorinterface.viacolor.com.br\/index.php\/wp-json\/wp\/v2\/types\/page"}],"author":[{"embeddable":true,"href":"https:\/\/viacolorinterface.viacolor.com.br\/index.php\/wp-json\/wp\/v2\/users\/3"}],"replies":[{"embeddable":true,"href":"https:\/\/viacolorinterface.viacolor.com.br\/index.php\/wp-json\/wp\/v2\/comments?post=323"}],"version-history":[{"count":1,"href":"https:\/\/viacolorinterface.viacolor.com.br\/index.php\/wp-json\/wp\/v2\/pages\/323\/revisions"}],"predecessor-version":[{"id":324,"href":"https:\/\/viacolorinterface.viacolor.com.br\/index.php\/wp-json\/wp\/v2\/pages\/323\/revisions\/324"}],"wp:attachment":[{"href":"https:\/\/viacolorinterface.viacolor.com.br\/index.php\/wp-json\/wp\/v2\/media?parent=323"}],"curies":[{"name":"wp","href":"https:\/\/api.w.org\/{rel}","templated":true}]}}